{"id":18910,"date":"2022-02-21T12:20:35","date_gmt":"2022-02-21T12:20:35","guid":{"rendered":"https:\/\/creativecorner.epson.eu\/for-business\/"},"modified":"2026-02-09T11:38:05","modified_gmt":"2026-02-09T11:38:05","slug":"for-business","status":"publish","type":"page","link":"https:\/\/creativecorner.epson.eu\/fr_FR\/for-business\/","title":{"rendered":"Pour les professionnels"},"content":{"rendered":"<section data-block_39ff76384d42ff1e4e9940a8cd66f25c class=\"banner-image-text align bg-none\tlg:bg-[#D7E4EB] py-0 lg:py-24\">\n    <div class=\"mx-auto lg:container\">\n        <div class=\"flex flex-col-reverse lg:flex-row\">\n            <div class=\"flex-1 py-10 px-10 lg:px-0 lg:py-0\">\n                <div class=\"pr-0 xl:pr-60 mt-0 lg:mt-28 xl:mt-40\">\n                    <h2>Vous avez besoin d\u2019une nouvelle imprimante\u00a0?<\/h2>\n<p>Consultez la gamme de solutions d\u2019impression tout-en-un d\u2019Epson pour particuliers, bureaux \u00e0 domicile, commerces et entreprises.<\/p>\n<p><a class=\"btn mt-3\" href=\"https:\/\/www.epson.fr\/fr_FR\/printer-finder\" target=\"_blank\" rel=\"noopener\">En savoir plus<\/a><\/p>\n\n                <\/div>\n            <\/div>\n            <div class=\"flex-1 px-10 lg:px-0 bg-[#D7E4EB] lg:bg-none\"> \n                    \n                    <img decoding=\"async\" loading=\"lazy\" src=\"https:\/\/resources.epson.eu\/app\/uploads\/sites\/3\/2021\/09\/Preinter.png\" alt=\"Preinter\" class=\"w-full\"> \n                            <\/div> \n        <\/div>\n    <\/div>\n<\/section>\n\n<section data-block_cad7d9b04ee593bed11cfd01b739420f class=\"card-section align bg-gray-medium py-5 md:py-10\">\n    <div class=\"container\">\n                    <div class=\"equal-height lg:hidden\">\n                                     \n                    <div>\n                        <div class=\"card p-5 mb-4 bg-white\">\n                            <img loading=\"lazy\" decoding=\"async\" width=\"690\" height=\"460\" src=\"https:\/\/resources.epson.eu\/app\/uploads\/sites\/3\/2021\/09\/Image-Card-690-x-460-4.svg\" class=\"mx-auto\" alt=\"Image - Card - 690 x 460\" \/>\n                            <h3>Soutien<\/h3>\n<p>Trouvez des informations utiles et d\u00e9couvrez comment nous contacter.<\/p>\n\n\n                                                            \n                                <a class=\"btn-no-bg js-simple-carousel__title\" href=\"https:\/\/www.epson.fr\/support\" target=\"_blank\">EN SAVOIR PLUS<\/a>\n                                                    <\/div>\n                    <\/div>\n                                     \n                    <div>\n                        <div class=\"card p-5 mb-4 bg-white\">\n                            <img loading=\"lazy\" decoding=\"async\" width=\"690\" height=\"460\" src=\"https:\/\/resources.epson.eu\/app\/uploads\/sites\/3\/2021\/09\/Image-Card-690-x-460-2-1.svg\" class=\"mx-auto\" alt=\"Image - Card - 690 x 460-2\" \/>\n                            <h3>Acheter<\/h3>\n<p>Visitez notre boutique pour d\u00e9couvrir d\u2019autres produits Epson.<\/p>\n\n\n                                                            \n                                <a class=\"btn-no-bg js-simple-carousel__title\" href=\"https:\/\/register.epson-europe.com\/\" target=\"_blank\">EN SAVOIR PLUS<\/a>\n                                                    <\/div>\n                    <\/div>\n                                     \n                    <div>\n                        <div class=\"card p-5 mb-4 bg-white\">\n                            <img loading=\"lazy\" decoding=\"async\" width=\"690\" height=\"460\" src=\"https:\/\/resources.epson.eu\/app\/uploads\/sites\/3\/2021\/09\/Image-Card-690-x-460-3.svg\" class=\"mx-auto\" alt=\"Image-Card-690-x-460\" \/>\n                            <h3>Enregistrer votre produit<\/h3>\n<p>L\u2019enregistrement du produit est rapide et facile.<\/p>\n\n\n                                                            \n                                <a class=\"btn-no-bg js-simple-carousel__title\" href=\"https:\/\/www.epson.fr\/store\" target=\"_blank\">EN SAVOIR PLUS<\/a>\n                                                    <\/div>\n                    <\/div>\n                            <\/div>\n        \n                    <div class=\"hidden lg:grid lg:gap-8 lg:grid-cols-3\">\n                                     \n                    <div class=\"card p-5 bg-white h-full relative pb-12\">\n                        <img loading=\"lazy\" decoding=\"async\" width=\"690\" height=\"460\" src=\"https:\/\/resources.epson.eu\/app\/uploads\/sites\/3\/2021\/09\/Image-Card-690-x-460-4.svg\" class=\"attachment-full size-full\" alt=\"Image - Card - 690 x 460\" \/>\n                        <h3>Soutien<\/h3>\n<p>Trouvez des informations utiles et d\u00e9couvrez comment nous contacter.<\/p>\n\n\n                                                    \n                            <a class=\"btn-no-bg md:left-5 md:bottom-5 md:absolute js-simple-carousel__title\" href=\"https:\/\/www.epson.fr\/support\" target=\"_blank\">EN SAVOIR PLUS<\/a>\n                                            <\/div>\n                                     \n                    <div class=\"card p-5 bg-white h-full relative pb-12\">\n                        <img loading=\"lazy\" decoding=\"async\" width=\"690\" height=\"460\" src=\"https:\/\/resources.epson.eu\/app\/uploads\/sites\/3\/2021\/09\/Image-Card-690-x-460-2-1.svg\" class=\"attachment-full size-full\" alt=\"Image - Card - 690 x 460-2\" \/>\n                        <h3>Acheter<\/h3>\n<p>Visitez notre boutique pour d\u00e9couvrir d\u2019autres produits Epson.<\/p>\n\n\n                                                    \n                            <a class=\"btn-no-bg md:left-5 md:bottom-5 md:absolute js-simple-carousel__title\" href=\"https:\/\/register.epson-europe.com\/\" target=\"_blank\">EN SAVOIR PLUS<\/a>\n                                            <\/div>\n                                     \n                    <div class=\"card p-5 bg-white h-full relative pb-12\">\n                        <img loading=\"lazy\" decoding=\"async\" width=\"690\" height=\"460\" src=\"https:\/\/resources.epson.eu\/app\/uploads\/sites\/3\/2021\/09\/Image-Card-690-x-460-3.svg\" class=\"attachment-full size-full\" alt=\"Image-Card-690-x-460\" \/>\n                        <h3>Enregistrer votre produit<\/h3>\n<p>L\u2019enregistrement du produit est rapide et facile.<\/p>\n\n\n                                                    \n                            <a class=\"btn-no-bg md:left-5 md:bottom-5 md:absolute js-simple-carousel__title\" href=\"https:\/\/www.epson.fr\/store\" target=\"_blank\">EN SAVOIR PLUS<\/a>\n                                            <\/div>\n                            <\/div>\n            <\/div>\n<\/section>\n\n\n","protected":false},"excerpt":{"rendered":"","protected":false},"author":1,"featured_media":0,"parent":0,"menu_order":0,"comment_status":"closed","ping_status":"closed","template":"for-buisness.blade.php","meta":{"_acf_changed":false,"inline_featured_image":false,"footnotes":""},"coauthors":[167],"class_list":["post-18910","page","type-page","status-publish","hentry"],"acf":{"background_image":{"ID":5100,"id":5100,"title":"Image - Hero - 1770 x 700 (7)","filename":"Image-Hero-1770-x-700-7.png","filesize":307208,"url":"https:\/\/resources.epson.eu\/app\/uploads\/sites\/3\/2021\/09\/Image-Hero-1770-x-700-7.png","link":"https:\/\/creativecorner.epson.eu\/fr_FR\/en\/for-business\/attachment\/image-hero-1770-x-700-7\/","alt":"Image - Hero - 1770 x 700 (7)","author":"3","description":"","caption":"","name":"image-hero-1770-x-700-7","status":"inherit","uploaded_to":15638,"date":"2021-09-16 12:32:17","modified":"2022-08-05 08:01:57","menu_order":0,"mime_type":"image\/png","type":"image","subtype":"png","icon":"https:\/\/creativecorner.epson.eu\/wp\/wp-includes\/images\/media\/default.png","width":1770,"height":700,"sizes":{"thumbnail":"https:\/\/resources.epson.eu\/app\/uploads\/sites\/3\/2021\/09\/Image-Hero-1770-x-700-7-150x150.png","thumbnail-width":150,"thumbnail-height":150,"medium":"https:\/\/resources.epson.eu\/app\/uploads\/sites\/3\/2021\/09\/Image-Hero-1770-x-700-7-300x119.png","medium-width":300,"medium-height":119,"medium_large":"https:\/\/resources.epson.eu\/app\/uploads\/sites\/3\/2021\/09\/Image-Hero-1770-x-700-7-768x304.png","medium_large-width":768,"medium_large-height":304,"large":"https:\/\/resources.epson.eu\/app\/uploads\/sites\/3\/2021\/09\/Image-Hero-1770-x-700-7-1024x405.png","large-width":1024,"large-height":405,"1536x1536":"https:\/\/resources.epson.eu\/app\/uploads\/sites\/3\/2021\/09\/Image-Hero-1770-x-700-7-1536x607.png","1536x1536-width":1536,"1536x1536-height":607,"2048x2048":"https:\/\/resources.epson.eu\/app\/uploads\/sites\/3\/2021\/09\/Image-Hero-1770-x-700-7.png","2048x2048-width":1770,"2048x2048-height":700}},"background_image_mobile":{"ID":5142,"id":5142,"title":"epson-business-hero-mobile - 320x260","filename":"epson-business-hero-mobile-320x260-1.png","filesize":135005,"url":"https:\/\/resources.epson.eu\/app\/uploads\/sites\/3\/2021\/09\/epson-business-hero-mobile-320x260-1.png","link":"https:\/\/creativecorner.epson.eu\/fr_FR\/en\/for-business\/attachment\/epson-business-hero-mobile-320x260\/","alt":"epson-business-hero-mobile - 320x260","author":"3","description":"","caption":"","name":"epson-business-hero-mobile-320x260","status":"inherit","uploaded_to":15638,"date":"2021-09-16 14:19:36","modified":"2022-08-05 08:01:59","menu_order":0,"mime_type":"image\/png","type":"image","subtype":"png","icon":"https:\/\/creativecorner.epson.eu\/wp\/wp-includes\/images\/media\/default.png","width":320,"height":260,"sizes":{"thumbnail":"https:\/\/resources.epson.eu\/app\/uploads\/sites\/3\/2021\/09\/epson-business-hero-mobile-320x260-1-150x150.png","thumbnail-width":150,"thumbnail-height":150,"medium":"https:\/\/resources.epson.eu\/app\/uploads\/sites\/3\/2021\/09\/epson-business-hero-mobile-320x260-1-300x244.png","medium-width":300,"medium-height":244,"medium_large":"https:\/\/resources.epson.eu\/app\/uploads\/sites\/3\/2021\/09\/epson-business-hero-mobile-320x260-1.png","medium_large-width":320,"medium_large-height":260,"large":"https:\/\/resources.epson.eu\/app\/uploads\/sites\/3\/2021\/09\/epson-business-hero-mobile-320x260-1.png","large-width":320,"large-height":260,"1536x1536":"https:\/\/resources.epson.eu\/app\/uploads\/sites\/3\/2021\/09\/epson-business-hero-mobile-320x260-1.png","1536x1536-width":320,"1536x1536-height":260,"2048x2048":"https:\/\/resources.epson.eu\/app\/uploads\/sites\/3\/2021\/09\/epson-business-hero-mobile-320x260-1.png","2048x2048-width":320,"2048x2048-height":260}},"content":"<h1>Pour les professionnels<\/h1>\n<p>Mod\u00e8les \u00e0 Imprimer Pour la Maison et le Travail Choisissez parmi nos tr\u00e8s nombreux mod\u00e8les gratuits pour tous vos besoins d&#8217;impression.<\/p>\n"},"yoast_head":"<!-- This site is optimized with the Yoast SEO plugin v24.8.1 - https:\/\/yoast.com\/wordpress\/plugins\/seo\/ -->\n<title>Pour les professionnels - Epson Creative Corner<\/title>\n<meta name=\"robots\" content=\"index, follow, max-snippet:-1, max-image-preview:large, max-video-preview:-1\" \/>\n<link rel=\"canonical\" href=\"https:\/\/creativecorner.epson.eu\/fr_FR\/for-business\/\" \/>\n<meta property=\"og:locale\" content=\"fr_FR\" \/>\n<meta property=\"og:type\" content=\"article\" \/>\n<meta property=\"og:title\" content=\"Pour les professionnels - Epson Creative Corner\" \/>\n<meta property=\"og:url\" content=\"https:\/\/creativecorner.epson.eu\/fr_FR\/for-business\/\" \/>\n<meta property=\"og:site_name\" content=\"Epson Creative Corner\" \/>\n<meta property=\"article:modified_time\" content=\"2026-02-09T11:38:05+00:00\" \/>\n<meta name=\"twitter:card\" content=\"summary_large_image\" \/>\n<meta name=\"twitter:label1\" content=\"Written by\" \/>\n\t<meta name=\"twitter:data1\" content=\"xigen\" \/>\n<script type=\"application\/ld+json\" class=\"yoast-schema-graph\">{\"@context\":\"https:\/\/schema.org\",\"@graph\":[{\"@type\":\"WebPage\",\"@id\":\"https:\/\/creativecorner.epson.eu\/fr_FR\/for-business\/\",\"url\":\"https:\/\/creativecorner.epson.eu\/fr_FR\/for-business\/\",\"name\":\"Pour les professionnels - Epson Creative Corner\",\"isPartOf\":{\"@id\":\"https:\/\/creativecorner.epson.eu\/de_DE\/#website\"},\"datePublished\":\"2022-02-21T12:20:35+00:00\",\"dateModified\":\"2026-02-09T11:38:05+00:00\",\"inLanguage\":\"fr\",\"potentialAction\":[{\"@type\":\"ReadAction\",\"target\":[\"https:\/\/creativecorner.epson.eu\/fr_FR\/for-business\/\"]}]},{\"@type\":\"WebSite\",\"@id\":\"https:\/\/creativecorner.epson.eu\/de_DE\/#website\",\"url\":\"https:\/\/creativecorner.epson.eu\/de_DE\/\",\"name\":\"Epson Creative Corner\",\"description\":\"Choose from our huge range of free templates for all your printing needs.\",\"potentialAction\":[{\"@type\":\"SearchAction\",\"target\":{\"@type\":\"EntryPoint\",\"urlTemplate\":\"https:\/\/creativecorner.epson.eu\/de_DE\/?s={search_term_string}\"},\"query-input\":{\"@type\":\"PropertyValueSpecification\",\"valueRequired\":true,\"valueName\":\"search_term_string\"}}],\"inLanguage\":\"fr\"}]}<\/script>\n<!-- \/ Yoast SEO plugin. -->","yoast_head_json":{"title":"Pour les professionnels - Epson Creative Corner","robots":{"index":"index","follow":"follow","max-snippet":"max-snippet:-1","max-image-preview":"max-image-preview:large","max-video-preview":"max-video-preview:-1"},"canonical":"https:\/\/creativecorner.epson.eu\/fr_FR\/for-business\/","og_locale":"fr_FR","og_type":"article","og_title":"Pour les professionnels - Epson Creative Corner","og_url":"https:\/\/creativecorner.epson.eu\/fr_FR\/for-business\/","og_site_name":"Epson Creative Corner","article_modified_time":"2026-02-09T11:38:05+00:00","twitter_card":"summary_large_image","twitter_misc":{"Written by":"xigen"},"schema":{"@context":"https:\/\/schema.org","@graph":[{"@type":"WebPage","@id":"https:\/\/creativecorner.epson.eu\/fr_FR\/for-business\/","url":"https:\/\/creativecorner.epson.eu\/fr_FR\/for-business\/","name":"Pour les professionnels - Epson Creative Corner","isPartOf":{"@id":"https:\/\/creativecorner.epson.eu\/de_DE\/#website"},"datePublished":"2022-02-21T12:20:35+00:00","dateModified":"2026-02-09T11:38:05+00:00","inLanguage":"fr","potentialAction":[{"@type":"ReadAction","target":["https:\/\/creativecorner.epson.eu\/fr_FR\/for-business\/"]}]},{"@type":"WebSite","@id":"https:\/\/creativecorner.epson.eu\/de_DE\/#website","url":"https:\/\/creativecorner.epson.eu\/de_DE\/","name":"Epson Creative Corner","description":"Choose from our huge range of free templates for all your printing needs.","potentialAction":[{"@type":"SearchAction","target":{"@type":"EntryPoint","urlTemplate":"https:\/\/creativecorner.epson.eu\/de_DE\/?s={search_term_string}"},"query-input":{"@type":"PropertyValueSpecification","valueRequired":true,"valueName":"search_term_string"}}],"inLanguage":"fr"}]}},"_links":{"self":[{"href":"https:\/\/creativecorner.epson.eu\/fr_FR\/wp-json\/wp\/v2\/pages\/18910","targetHints":{"allow":["GET"]}}],"collection":[{"href":"https:\/\/creativecorner.epson.eu\/fr_FR\/wp-json\/wp\/v2\/pages"}],"about":[{"href":"https:\/\/creativecorner.epson.eu\/fr_FR\/wp-json\/wp\/v2\/types\/page"}],"author":[{"embeddable":true,"href":"https:\/\/creativecorner.epson.eu\/fr_FR\/wp-json\/wp\/v2\/users\/1"}],"replies":[{"embeddable":true,"href":"https:\/\/creativecorner.epson.eu\/fr_FR\/wp-json\/wp\/v2\/comments?post=18910"}],"version-history":[{"count":4,"href":"https:\/\/creativecorner.epson.eu\/fr_FR\/wp-json\/wp\/v2\/pages\/18910\/revisions"}],"predecessor-version":[{"id":34813,"href":"https:\/\/creativecorner.epson.eu\/fr_FR\/wp-json\/wp\/v2\/pages\/18910\/revisions\/34813"}],"wp:attachment":[{"href":"https:\/\/creativecorner.epson.eu\/fr_FR\/wp-json\/wp\/v2\/media?parent=18910"}],"wp:term":[{"taxonomy":"author","embeddable":true,"href":"https:\/\/creativecorner.epson.eu\/fr_FR\/wp-json\/wp\/v2\/coauthors?post=18910"}],"curies":[{"name":"wp","href":"https:\/\/api.w.org\/{rel}","templated":true}]}}